{"id":44,"date":"2022-02-11T12:28:07","date_gmt":"2022-02-11T12:28:07","guid":{"rendered":"https:\/\/demosites.royal-elementor-addons.com\/digitalagency-v2\/?page_id=44"},"modified":"2026-02-26T13:32:01","modified_gmt":"2026-02-26T13:32:01","slug":"about-us","status":"publish","type":"page","link":"https:\/\/printspadix.com\/index.php\/about-us\/","title":{"rendered":"A Propos"},"content":{"rendered":"\t\t<div data-elementor-type=\"wp-page\" data-elementor-id=\"44\" class=\"elementor elementor-44\">\n\t\t\t\t\t\t<section class=\"elementor-section elementor-top-section elementor-element elementor-element-5a7916d elementor-section-height-min-height elementor-section-boxed elementor-section-height-default elementor-section-items-middle wpr-particle-no wpr-jarallax-no wpr-parallax-no wpr-sticky-section-no\" data-id=\"5a7916d\" data-element_type=\"section\" data-e-type=\"section\" data-settings=\"{&quot;background_background&quot;:&quot;classic&quot;}\">\n\t\t\t\t\t\t\t<div class=\"elementor-background-overlay\"><\/div>\n\t\t\t\t\t\t\t<div class=\"elementor-container elementor-column-gap-default\">\n\t\t\t\t\t<div class=\"elementor-column elementor-col-100 elementor-top-column elementor-element elementor-element-394a31c\" data-id=\"394a31c\" data-element_type=\"column\" data-e-type=\"column\">\n\t\t\t<div class=\"elementor-widget-wrap elementor-element-populated\">\n\t\t\t\t\t\t<div class=\"elementor-element elementor-element-30c9566 elementor-widget elementor-widget-heading\" data-id=\"30c9566\" data-element_type=\"widget\" data-e-type=\"widget\" data-widget_type=\"heading.default\">\n\t\t\t\t\t<h2 class=\"elementor-heading-title elementor-size-default\">A Propos<\/h2>\t\t\t\t<\/div>\n\t\t\t\t\t<\/div>\n\t\t<\/div>\n\t\t\t\t\t<\/div>\n\t\t<\/section>\n\t\t\t\t<section class=\"elementor-section elementor-top-section elementor-element elementor-element-5e2a231 elementor-section-boxed elementor-section-height-default elementor-section-height-default wpr-particle-no wpr-jarallax-no wpr-parallax-no wpr-sticky-section-no\" data-id=\"5e2a231\" data-element_type=\"section\" data-e-type=\"section\">\n\t\t\t\t\t\t<div class=\"elementor-container elementor-column-gap-wide\">\n\t\t\t\t\t<div class=\"elementor-column elementor-col-50 elementor-top-column elementor-element elementor-element-63fdf9b\" data-id=\"63fdf9b\" data-element_type=\"column\" data-e-type=\"column\">\n\t\t\t<div class=\"elementor-widget-wrap elementor-element-populated\">\n\t\t\t\t\t\t<div class=\"elementor-element elementor-element-a090f73 elementor-widget elementor-widget-heading\" data-id=\"a090f73\" data-element_type=\"widget\" data-e-type=\"widget\" data-widget_type=\"heading.default\">\n\t\t\t\t\t<h2 class=\"elementor-heading-title elementor-size-default\">PRESIDENT DIRECTEUR G\u00c9N\u00c9RAL<\/h2>\t\t\t\t<\/div>\n\t\t\t\t<div class=\"elementor-element elementor-element-9a7c60b elementor-widget elementor-widget-heading\" data-id=\"9a7c60b\" data-element_type=\"widget\" data-e-type=\"widget\" data-widget_type=\"heading.default\">\n\t\t\t\t\t<h2 class=\"elementor-heading-title elementor-size-default\">PADIX ABDOU FALL<\/h2>\t\t\t\t<\/div>\n\t\t\t\t<div class=\"elementor-element elementor-element-344b8c1 elementor-widget elementor-widget-text-editor\" data-id=\"344b8c1\" data-element_type=\"widget\" data-e-type=\"widget\" data-widget_type=\"text-editor.default\">\n\t\t\t\t\t\t\t\t\t<p class=\"cvGsUA direction-ltr align-start para-style-body\"><span class=\"a_GcMg font-feature-liga-off font-feature-clig-off font-feature-calt-off text-decoration-none text-strikethrough-none\">Pape Abdou Fall, orphelin de p\u00e8re avant m\u00eame sa naissance, a grandi dans une extr\u00eame pr\u00e9carit\u00e9, \u00e9lev\u00e9 par une m\u00e8re courageuse dans une famille polygame. Tr\u00e8s jeune, il quitte l\u2019\u00e9cole pour subvenir aux besoins de sa famille en travaillant comme marchand ambulant, avec un budget de 12.500 F CFA remis par sa maman. \u00c0 force de pers\u00e9v\u00e9rance, il gravit les \u00e9chelons, du vendeur de montres \u00e0 la cr\u00e9ation d\u2019un cybercaf\u00e9, en passant par docker et chauffeur. Passionn\u00e9 par l\u2019entrepreneuriat, il se forme en infographie et management malgr\u00e9 les difficult\u00e9s. En 2011, il fonde son imprimerie<\/span><\/p><p class=\"cvGsUA direction-ltr align-start para-style-body\"><span class=\"a_GcMg font-feature-liga-off font-feature-clig-off font-feature-calt-off text-decoration-none text-strikethrough-none\">\u00ab Sentech Visuel \u00bb, puis en 2019, la soci\u00e9t\u00e9 \u00ab PRINTSPADIX \u00bb. Aujourd\u2019hui, il ambitionne de r\u00e9volutionner l\u2019imprimerie industrielle au S\u00e9n\u00e9gal et de contribuer \u00e0 l\u2019\u00e9mergence \u00e9conomique du pays. Avec PADIX Holding, il d\u00e9veloppe divers projets innovants dans l\u2019\u00e9nergie, l&rsquo;immobilier, le sport et l&rsquo;agroalimentaire, avec une vision panafricaine.<\/span><\/p>\t\t\t\t\t\t\t\t<\/div>\n\t\t\t\t<div class=\"elementor-element elementor-element-c16d818 wpr-button-icon-style-inline wpr-button-icon-position-right elementor-widget elementor-widget-wpr-button\" data-id=\"c16d818\" data-element_type=\"widget\" data-e-type=\"widget\" data-widget_type=\"wpr-button.default\">\n\t\t\t\t\t\t\n\t\t\t\n\t\t\n\t\t<div class=\"wpr-button-wrap elementor-clearfix\">\n\t\t<a class=\"wpr-button wpr-button-effect wpr-button-none\" data-text=\"\" href=\"#link\">\n\t\t\t\n\t\t\t<span class=\"wpr-button-content\">\n\t\t\t\t\t\t\t\t\t<span class=\"wpr-button-text\">Lire la suite..<\/span>\n\t\t\t\t\t\t\t\t\n\t\t\t\t\t\t\t<\/span>\n\t\t<\/a>\n\n\t\t\t\t<\/div>\n\t\n\t\n\t\t\t\t\t<\/div>\n\t\t\t\t\t<\/div>\n\t\t<\/div>\n\t\t\t\t<div class=\"elementor-column elementor-col-50 elementor-top-column elementor-element elementor-element-4077296\" data-id=\"4077296\" data-element_type=\"column\" data-e-type=\"column\">\n\t\t\t<div class=\"elementor-widget-wrap elementor-element-populated\">\n\t\t\t\t\t\t<div class=\"elementor-element elementor-element-661fcfc elementor-widget elementor-widget-image\" data-id=\"661fcfc\" data-element_type=\"widget\" data-e-type=\"widget\" data-widget_type=\"image.default\">\n\t\t\t\t\t\t\t\t\t\t\t\t\t\t\t<img fetchpriority=\"high\" decoding=\"async\" width=\"785\" height=\"1024\" src=\"https:\/\/printspadix.com\/wp-content\/uploads\/2025\/08\/Capture-decran-2025-05-28-a-11.40.16-785x1024.png\" class=\"attachment-large size-large wp-image-1134\" alt=\"\" srcset=\"https:\/\/printspadix.com\/wp-content\/uploads\/2025\/08\/Capture-decran-2025-05-28-a-11.40.16-785x1024.png 785w, https:\/\/printspadix.com\/wp-content\/uploads\/2025\/08\/Capture-decran-2025-05-28-a-11.40.16-230x300.png 230w, https:\/\/printspadix.com\/wp-content\/uploads\/2025\/08\/Capture-decran-2025-05-28-a-11.40.16-768x1002.png 768w, https:\/\/printspadix.com\/wp-content\/uploads\/2025\/08\/Capture-decran-2025-05-28-a-11.40.16.png 970w\" sizes=\"(max-width: 785px) 100vw, 785px\" \/>\t\t\t\t\t\t\t\t\t\t\t\t\t\t\t<\/div>\n\t\t\t\t\t<\/div>\n\t\t<\/div>\n\t\t\t\t\t<\/div>\n\t\t<\/section>\n\t\t\t\t<section class=\"elementor-section elementor-top-section elementor-element elementor-element-5a24066 elementor-section-height-min-height elementor-section-boxed elementor-section-height-default elementor-section-items-middle wpr-particle-no wpr-jarallax-no wpr-parallax-no wpr-sticky-section-no\" data-id=\"5a24066\" data-element_type=\"section\" data-e-type=\"section\" data-settings=\"{&quot;background_background&quot;:&quot;classic&quot;,&quot;shape_divider_bottom&quot;:&quot;tilt&quot;}\">\n\t\t\t\t\t\t\t<div class=\"elementor-background-overlay\"><\/div>\n\t\t\t\t\t\t<div class=\"elementor-shape elementor-shape-bottom\" aria-hidden=\"true\" data-negative=\"false\">\n\t\t\t<svg xmlns=\"http:\/\/www.w3.org\/2000\/svg\" viewBox=\"0 0 1000 100\" preserveAspectRatio=\"none\">\n\t<path class=\"elementor-shape-fill\" d=\"M0,6V0h1000v100L0,6z\"\/>\n<\/svg>\t\t<\/div>\n\t\t\t\t\t<div class=\"elementor-container elementor-column-gap-default\">\n\t\t\t\t\t<div class=\"elementor-column elementor-col-50 elementor-top-column elementor-element elementor-element-ddb00d8\" data-id=\"ddb00d8\" data-element_type=\"column\" data-e-type=\"column\">\n\t\t\t<div class=\"elementor-widget-wrap elementor-element-populated\">\n\t\t\t\t\t\t<section class=\"elementor-section elementor-inner-section elementor-element elementor-element-d63636c elementor-section-boxed elementor-section-height-default elementor-section-height-default wpr-particle-no wpr-jarallax-no wpr-parallax-no wpr-sticky-section-no\" data-id=\"d63636c\" data-element_type=\"section\" data-e-type=\"section\">\n\t\t\t\t\t\t<div class=\"elementor-container elementor-column-gap-default\">\n\t\t\t\t\t<div class=\"elementor-column elementor-col-50 elementor-inner-column elementor-element elementor-element-b468599\" data-id=\"b468599\" data-element_type=\"column\" data-e-type=\"column\">\n\t\t\t<div class=\"elementor-widget-wrap\">\n\t\t\t\t\t\t\t<\/div>\n\t\t<\/div>\n\t\t\t\t<div class=\"elementor-column elementor-col-50 elementor-inner-column elementor-element elementor-element-8013048\" data-id=\"8013048\" data-element_type=\"column\" data-e-type=\"column\">\n\t\t\t<div class=\"elementor-widget-wrap\">\n\t\t\t\t\t\t\t<\/div>\n\t\t<\/div>\n\t\t\t\t\t<\/div>\n\t\t<\/section>\n\t\t\t\t<div class=\"elementor-element elementor-element-fbe661b elementor-widget elementor-widget-heading\" data-id=\"fbe661b\" data-element_type=\"widget\" data-e-type=\"widget\" data-widget_type=\"heading.default\">\n\t\t\t\t\t<h2 class=\"elementor-heading-title elementor-size-default\"><div data-id=\"f360a52\" data-element_type=\"widget\" data-widget_type=\"pix-sliding-text.default\">\n\t\t\t\t<div>\n\t\t\t<div><h2 data-anim-type=\"pix-sliding-text\" data-class=\"secondary-font text-white\"><span><span>Osez,Innovez et Creer<\/span><\/span><span><span> <\/span><\/span> <\/h2><\/div>\t\t<\/div>\n\t\t\t\t<\/div><\/h2>\t\t\t\t<\/div>\n\t\t\t\t<div class=\"elementor-element elementor-element-47f4946 elementor-widget elementor-widget-text-editor\" data-id=\"47f4946\" data-element_type=\"widget\" data-e-type=\"widget\" data-widget_type=\"text-editor.default\">\n\t\t\t\t\t\t\t\t\t<p>Demesne far hearted suppose venture excited see had has. Dependent on so extremely delivered by. Yet no jokes worse her why. Bed one supposing breakfast day fulfilled off depending questions. Whatever boy her exertion his extended. Ecstatic followed handsome drawings entirely mrs one yet outweigh.<\/p>\t\t\t\t\t\t\t\t<\/div>\n\t\t\t\t\t<\/div>\n\t\t<\/div>\n\t\t\t\t<div class=\"elementor-column elementor-col-50 elementor-top-column elementor-element elementor-element-2df8305\" data-id=\"2df8305\" data-element_type=\"column\" data-e-type=\"column\">\n\t\t\t<div class=\"elementor-widget-wrap elementor-element-populated\">\n\t\t\t\t\t\t<div class=\"elementor-element elementor-element-72b2a3a elementor-widget elementor-widget-image\" data-id=\"72b2a3a\" data-element_type=\"widget\" data-e-type=\"widget\" data-widget_type=\"image.default\">\n\t\t\t\t\t\t\t\t\t\t\t\t\t\t\t<img decoding=\"async\" width=\"768\" height=\"1024\" src=\"https:\/\/printspadix.com\/wp-content\/uploads\/2025\/08\/WhatsApp-Image-2025-08-26-at-12.12.01-768x1024.jpeg\" class=\"attachment-large size-large wp-image-1194\" alt=\"\" srcset=\"https:\/\/printspadix.com\/wp-content\/uploads\/2025\/08\/WhatsApp-Image-2025-08-26-at-12.12.01-768x1024.jpeg 768w, https:\/\/printspadix.com\/wp-content\/uploads\/2025\/08\/WhatsApp-Image-2025-08-26-at-12.12.01-225x300.jpeg 225w, https:\/\/printspadix.com\/wp-content\/uploads\/2025\/08\/WhatsApp-Image-2025-08-26-at-12.12.01.jpeg 810w\" sizes=\"(max-width: 768px) 100vw, 768px\" \/>\t\t\t\t\t\t\t\t\t\t\t\t\t\t\t<\/div>\n\t\t\t\t\t<\/div>\n\t\t<\/div>\n\t\t\t\t\t<\/div>\n\t\t<\/section>\n\t\t\t\t<section class=\"elementor-section elementor-top-section elementor-element elementor-element-9f38038 elementor-section-boxed elementor-section-height-default elementor-section-height-default wpr-particle-no wpr-jarallax-no wpr-parallax-no wpr-sticky-section-no\" data-id=\"9f38038\" data-element_type=\"section\" data-e-type=\"section\">\n\t\t\t\t\t\t<div class=\"elementor-container elementor-column-gap-wide\">\n\t\t\t\t\t<div class=\"elementor-column elementor-col-50 elementor-top-column elementor-element elementor-element-a972043\" data-id=\"a972043\" data-element_type=\"column\" data-e-type=\"column\">\n\t\t\t<div class=\"elementor-widget-wrap elementor-element-populated\">\n\t\t\t\t\t\t<div class=\"elementor-element elementor-element-e9b4052 elementor-widget elementor-widget-image\" data-id=\"e9b4052\" data-element_type=\"widget\" data-e-type=\"widget\" data-widget_type=\"image.default\">\n\t\t\t\t\t\t\t\t\t\t\t\t\t\t\t<img decoding=\"async\" width=\"960\" height=\"640\" src=\"https:\/\/printspadix.com\/wp-content\/uploads\/2025\/08\/cheerful-african-american-lady-designer-having-video-conference-with-clients-sitting-desk-front-computer-holding-color-palettes-gesturing-smiling-copy-space-1024x683.jpg\" class=\"attachment-large size-large wp-image-1124\" alt=\"Imprimerie senegal\" srcset=\"https:\/\/printspadix.com\/wp-content\/uploads\/2025\/08\/cheerful-african-american-lady-designer-having-video-conference-with-clients-sitting-desk-front-computer-holding-color-palettes-gesturing-smiling-copy-space-1024x683.jpg 1024w, https:\/\/printspadix.com\/wp-content\/uploads\/2025\/08\/cheerful-african-american-lady-designer-having-video-conference-with-clients-sitting-desk-front-computer-holding-color-palettes-gesturing-smiling-copy-space-300x200.jpg 300w, https:\/\/printspadix.com\/wp-content\/uploads\/2025\/08\/cheerful-african-american-lady-designer-having-video-conference-with-clients-sitting-desk-front-computer-holding-color-palettes-gesturing-smiling-copy-space-768x512.jpg 768w, https:\/\/printspadix.com\/wp-content\/uploads\/2025\/08\/cheerful-african-american-lady-designer-having-video-conference-with-clients-sitting-desk-front-computer-holding-color-palettes-gesturing-smiling-copy-space-1536x1024.jpg 1536w, https:\/\/printspadix.com\/wp-content\/uploads\/2025\/08\/cheerful-african-american-lady-designer-having-video-conference-with-clients-sitting-desk-front-computer-holding-color-palettes-gesturing-smiling-copy-space-2048x1365.jpg 2048w\" sizes=\"(max-width: 960px) 100vw, 960px\" \/>\t\t\t\t\t\t\t\t\t\t\t\t\t\t\t<\/div>\n\t\t\t\t\t<\/div>\n\t\t<\/div>\n\t\t\t\t<div class=\"elementor-column elementor-col-50 elementor-top-column elementor-element elementor-element-bb967aa\" data-id=\"bb967aa\" data-element_type=\"column\" data-e-type=\"column\">\n\t\t\t<div class=\"elementor-widget-wrap elementor-element-populated\">\n\t\t\t\t\t\t<div class=\"elementor-element elementor-element-58d738f elementor-widget elementor-widget-heading\" data-id=\"58d738f\" data-element_type=\"widget\" data-e-type=\"widget\" data-widget_type=\"heading.default\">\n\t\t\t\t\t<h2 class=\"elementor-heading-title elementor-size-default\">Skills<\/h2>\t\t\t\t<\/div>\n\t\t\t\t<div class=\"elementor-element elementor-element-4df5755 elementor-widget elementor-widget-heading\" data-id=\"4df5755\" data-element_type=\"widget\" data-e-type=\"widget\" data-widget_type=\"heading.default\">\n\t\t\t\t\t<h2 class=\"elementor-heading-title elementor-size-default\"><div data-id=\"f360a52\" data-element_type=\"widget\" data-widget_type=\"pix-sliding-text.default\">\n\t\t\t\t<div>\n\t\t\t<div><h2 data-anim-type=\"pix-sliding-text\" data-class=\"secondary-font text-white\"><span><span>R\u00e9v\u00e9lez <\/span><\/span> <span><span>votre <\/span><\/span> <span><span>diff\u00e9rence <\/span><\/span> <\/h2><\/div>\t\t<\/div>\n\t\t\t\t<\/div><\/h2>\t\t\t\t<\/div>\n\t\t\t\t<div class=\"elementor-element elementor-element-a444756 elementor-widget elementor-widget-text-editor\" data-id=\"a444756\" data-element_type=\"widget\" data-e-type=\"widget\" data-widget_type=\"text-editor.default\">\n\t\t\t\t\t\t\t\t\t<p><span class=\"a_GcMg font-feature-liga-off font-feature-clig-off font-feature-calt-off text-decoration-none text-strikethrough-none\">Bienvenue \u00e0 PRINTSPADIX, une entreprise innovante sp\u00e9cialis\u00e9e dans l&rsquo;impression industrielle et la transformation technologique. install\u00e9e strat\u00e9giquement sur la plateforme industrielle de diamniadio, nous combinons savoir-faire, technologie de pointe et engagement soci\u00e9tal pour r\u00e9pondre aux besoins croissants du march\u00e9 s\u00e9n\u00e9galais et sous-r\u00e9gional.<\/span><\/p>\t\t\t\t\t\t\t\t<\/div>\n\t\t\t\t<div class=\"elementor-element elementor-element-5406f04 wpr-pbar-title-pos-outside wpr-pbar-counter-pos-outside wpr-prbar-layout-hr-line elementor-widget elementor-widget-wpr-progress-bar\" data-id=\"5406f04\" data-element_type=\"widget\" data-e-type=\"widget\" data-widget_type=\"wpr-progress-bar.default\">\n\t\t\t\t\t\t\t\t\n\t\t<div class=\"wpr-progress-bar\" data-options=\"{&quot;counterValue&quot;:95,&quot;counterValuePersent&quot;:95,&quot;counterSeparator&quot;:&quot;&quot;,&quot;animDuration&quot;:1000,&quot;animDelay&quot;:0,&quot;loop&quot;:&quot;&quot;,&quot;loopDelay&quot;:&quot;&quot;}\">\n\t\t\n\t\t\t<div class=\"wpr-prbar-content elementor-clearfix\"><div class=\"wpr-prbar-title-wrap\"><div class=\"wpr-prbar-title\">FABRICATION<\/div><div class=\"wpr-prbar-subtitle\"><\/div><\/div>\n\t\t<div class=\"wpr-prbar-counter\">\n\n\t\t\t\n\t\t\t\t\t\t<span class=\"wpr-prbar-counter-value\">0<\/span>\n\t\t\t\n\t\t\t\t\t\t<span class=\"wpr-prbar-counter-value-suffix\">%<\/span>\n\t\t\t\n\t\t<\/div>\n\n\t\t<\/div>\n\t\t<div class=\"wpr-prbar-hr-line\">\n\t\t\t<div class=\"wpr-prbar-hr-line-inner wpr-anim-timing-ease-default\">\n\t\t\t\t\t\t\t<\/div>\n\t\t\t\t\t<\/div>\n\n\t\t\n\t\t<\/div>\n\n\t\t\t\t\t\t<\/div>\n\t\t\t\t<div class=\"elementor-element elementor-element-c6f5b8c wpr-pbar-title-pos-outside wpr-pbar-counter-pos-outside wpr-prbar-layout-hr-line elementor-widget elementor-widget-wpr-progress-bar\" data-id=\"c6f5b8c\" data-element_type=\"widget\" data-e-type=\"widget\" data-widget_type=\"wpr-progress-bar.default\">\n\t\t\t\t\t\t\t\t\n\t\t<div class=\"wpr-progress-bar\" data-options=\"{&quot;counterValue&quot;:75,&quot;counterValuePersent&quot;:75,&quot;counterSeparator&quot;:&quot;&quot;,&quot;animDuration&quot;:1000,&quot;animDelay&quot;:0,&quot;loop&quot;:&quot;&quot;,&quot;loopDelay&quot;:&quot;&quot;}\">\n\t\t\n\t\t\t<div class=\"wpr-prbar-content elementor-clearfix\"><div class=\"wpr-prbar-title-wrap\"><div class=\"wpr-prbar-title\">INDUSTRIELE<\/div><div class=\"wpr-prbar-subtitle\"><\/div><\/div>\n\t\t<div class=\"wpr-prbar-counter\">\n\n\t\t\t\n\t\t\t\t\t\t<span class=\"wpr-prbar-counter-value\">0<\/span>\n\t\t\t\n\t\t\t\t\t\t<span class=\"wpr-prbar-counter-value-suffix\">%<\/span>\n\t\t\t\n\t\t<\/div>\n\n\t\t<\/div>\n\t\t<div class=\"wpr-prbar-hr-line\">\n\t\t\t<div class=\"wpr-prbar-hr-line-inner wpr-anim-timing-ease-default\">\n\t\t\t\t\t\t\t<\/div>\n\t\t\t\t\t<\/div>\n\n\t\t\n\t\t<\/div>\n\n\t\t\t\t\t\t<\/div>\n\t\t\t\t<div class=\"elementor-element elementor-element-29d5d02 wpr-pbar-title-pos-outside wpr-pbar-counter-pos-outside wpr-prbar-layout-hr-line elementor-widget elementor-widget-wpr-progress-bar\" data-id=\"29d5d02\" data-element_type=\"widget\" data-e-type=\"widget\" data-widget_type=\"wpr-progress-bar.default\">\n\t\t\t\t\t\t\t\t\n\t\t<div class=\"wpr-progress-bar\" data-options=\"{&quot;counterValue&quot;:56,&quot;counterValuePersent&quot;:56,&quot;counterSeparator&quot;:&quot;&quot;,&quot;animDuration&quot;:1000,&quot;animDelay&quot;:0,&quot;loop&quot;:&quot;&quot;,&quot;loopDelay&quot;:&quot;&quot;}\">\n\t\t\n\t\t\t<div class=\"wpr-prbar-content elementor-clearfix\"><div class=\"wpr-prbar-title-wrap\"><div class=\"wpr-prbar-title\">COMMUNICATION VISUELLE<\/div><div class=\"wpr-prbar-subtitle\"><\/div><\/div>\n\t\t<div class=\"wpr-prbar-counter\">\n\n\t\t\t\n\t\t\t\t\t\t<span class=\"wpr-prbar-counter-value\">0<\/span>\n\t\t\t\n\t\t\t\t\t\t<span class=\"wpr-prbar-counter-value-suffix\">%<\/span>\n\t\t\t\n\t\t<\/div>\n\n\t\t<\/div>\n\t\t<div class=\"wpr-prbar-hr-line\">\n\t\t\t<div class=\"wpr-prbar-hr-line-inner wpr-anim-timing-ease-default\">\n\t\t\t\t\t\t\t<\/div>\n\t\t\t\t\t<\/div>\n\n\t\t\n\t\t<\/div>\n\n\t\t\t\t\t\t<\/div>\n\t\t\t\t<div class=\"elementor-element elementor-element-a015e8e wpr-pbar-title-pos-outside wpr-pbar-counter-pos-outside wpr-prbar-layout-hr-line elementor-widget elementor-widget-wpr-progress-bar\" data-id=\"a015e8e\" data-element_type=\"widget\" data-e-type=\"widget\" data-widget_type=\"wpr-progress-bar.default\">\n\t\t\t\t\t\t\t\t\n\t\t<div class=\"wpr-progress-bar\" data-options=\"{&quot;counterValue&quot;:82,&quot;counterValuePersent&quot;:82,&quot;counterSeparator&quot;:&quot;&quot;,&quot;animDuration&quot;:1000,&quot;animDelay&quot;:0,&quot;loop&quot;:&quot;&quot;,&quot;loopDelay&quot;:&quot;&quot;}\">\n\t\t\n\t\t\t<div class=\"wpr-prbar-content elementor-clearfix\"><div class=\"wpr-prbar-title-wrap\"><div class=\"wpr-prbar-title\">INNOVATION &amp; TECHNOLOGIE<\/div><div class=\"wpr-prbar-subtitle\"><\/div><\/div>\n\t\t<div class=\"wpr-prbar-counter\">\n\n\t\t\t\n\t\t\t\t\t\t<span class=\"wpr-prbar-counter-value\">0<\/span>\n\t\t\t\n\t\t\t\t\t\t<span class=\"wpr-prbar-counter-value-suffix\">%<\/span>\n\t\t\t\n\t\t<\/div>\n\n\t\t<\/div>\n\t\t<div class=\"wpr-prbar-hr-line\">\n\t\t\t<div class=\"wpr-prbar-hr-line-inner wpr-anim-timing-ease-default\">\n\t\t\t\t\t\t\t<\/div>\n\t\t\t\t\t<\/div>\n\n\t\t\n\t\t<\/div>\n\n\t\t\t\t\t\t<\/div>\n\t\t\t\t\t<\/div>\n\t\t<\/div>\n\t\t\t\t\t<\/div>\n\t\t<\/section>\n\t\t\t\t<\/div>\n\t\t","protected":false},"excerpt":{"rendered":"<p>A Propos PRESIDENT DIRECTEUR G\u00c9N\u00c9RAL PADIX ABDOU FALL Pape Abdou Fall, orphelin de p\u00e8re avant m\u00eame sa naissance, a grandi dans une extr\u00eame pr\u00e9carit\u00e9, \u00e9lev\u00e9 par une m\u00e8re courageuse dans une famille polygame. Tr\u00e8s jeune, il quitte l\u2019\u00e9cole pour subvenir aux besoins de sa famille en travaillant comme marchand ambulant, avec un budget de 12.500 F CFA remis par sa maman. \u00c0 force de pers\u00e9v\u00e9rance, il gravit les \u00e9chelons, du vendeur de montres \u00e0 la cr\u00e9ation d\u2019un cybercaf\u00e9, en passant par docker et chauffeur. Passionn\u00e9 par l\u2019entrepreneuriat, il se forme en infographie et management malgr\u00e9 les difficult\u00e9s. En 2011, il fonde son imprimerie \u00ab Sentech Visuel \u00bb, puis en 2019, la soci\u00e9t\u00e9 \u00ab PRINTSPADIX \u00bb. Aujourd\u2019hui, il ambitionne de r\u00e9volutionner l\u2019imprimerie industrielle au S\u00e9n\u00e9gal et de contribuer \u00e0 l\u2019\u00e9mergence \u00e9conomique du pays. Avec PADIX Holding, il d\u00e9veloppe divers projets innovants dans l\u2019\u00e9nergie, l&rsquo;immobilier, le sport et l&rsquo;agroalimentaire, avec une vision panafricaine. Lire la suite.. Osez,Innovez et Creer Demesne far hearted suppose venture excited see had has. Dependent on so extremely delivered by. Yet no jokes worse her why. Bed one supposing breakfast day fulfilled off depending questions. Whatever boy her exertion his extended. Ecstatic followed handsome drawings entirely mrs one yet outweigh. Skills R\u00e9v\u00e9lez votre diff\u00e9rence Bienvenue \u00e0 PRINTSPADIX, une entreprise innovante sp\u00e9cialis\u00e9e dans l&rsquo;impression industrielle et la transformation technologique. install\u00e9e strat\u00e9giquement sur la plateforme industrielle de diamniadio, nous combinons savoir-faire, technologie de pointe et engagement soci\u00e9tal pour r\u00e9pondre aux besoins croissants du march\u00e9 s\u00e9n\u00e9galais et sous-r\u00e9gional. FABRICATION 0 % INDUSTRIELE 0 % COMMUNICATION VISUELLE 0 % INNOVATION &amp; TECHNOLOGIE 0 %<\/p>\n","protected":false},"author":1,"featured_media":0,"parent":0,"menu_order":0,"comment_status":"closed","ping_status":"closed","template":"","meta":{"footnotes":""},"class_list":["post-44","page","type-page","status-publish","hentry"],"_links":{"self":[{"href":"https:\/\/printspadix.com\/index.php\/wp-json\/wp\/v2\/pages\/44","targetHints":{"allow":["GET"]}}],"collection":[{"href":"https:\/\/printspadix.com\/index.php\/wp-json\/wp\/v2\/pages"}],"about":[{"href":"https:\/\/printspadix.com\/index.php\/wp-json\/wp\/v2\/types\/page"}],"author":[{"embeddable":true,"href":"https:\/\/printspadix.com\/index.php\/wp-json\/wp\/v2\/users\/1"}],"replies":[{"embeddable":true,"href":"https:\/\/printspadix.com\/index.php\/wp-json\/wp\/v2\/comments?post=44"}],"version-history":[{"count":28,"href":"https:\/\/printspadix.com\/index.php\/wp-json\/wp\/v2\/pages\/44\/revisions"}],"predecessor-version":[{"id":1739,"href":"https:\/\/printspadix.com\/index.php\/wp-json\/wp\/v2\/pages\/44\/revisions\/1739"}],"wp:attachment":[{"href":"https:\/\/printspadix.com\/index.php\/wp-json\/wp\/v2\/media?parent=44"}],"curies":[{"name":"wp","href":"https:\/\/api.w.org\/{rel}","templated":true}]}}