{"id":1515,"date":"2025-10-01T11:22:43","date_gmt":"2025-10-01T11:22:43","guid":{"rendered":"https:\/\/printspadix.com\/?page_id=1515"},"modified":"2025-10-01T15:29:55","modified_gmt":"2025-10-01T15:29:55","slug":"blog","status":"publish","type":"page","link":"https:\/\/printspadix.com\/index.php\/blog\/","title":{"rendered":"Blog"},"content":{"rendered":"\t\t<div data-elementor-type=\"wp-page\" data-elementor-id=\"1515\" class=\"elementor elementor-1515\">\n\t\t\t\t\t\t<section class=\"elementor-section elementor-top-section elementor-element elementor-element-41a806ed elementor-section-height-min-height elementor-section-boxed elementor-section-height-default elementor-section-items-middle wpr-particle-no wpr-jarallax-no wpr-parallax-no wpr-sticky-section-no\" data-id=\"41a806ed\" data-element_type=\"section\" data-e-type=\"section\" data-settings=\"{&quot;background_background&quot;:&quot;classic&quot;,&quot;shape_divider_bottom&quot;:&quot;waves&quot;}\">\n\t\t\t\t\t\t\t<div class=\"elementor-background-overlay\"><\/div>\n\t\t\t\t\t\t<div class=\"elementor-shape elementor-shape-bottom\" aria-hidden=\"true\" data-negative=\"false\">\n\t\t\t<svg xmlns=\"http:\/\/www.w3.org\/2000\/svg\" viewBox=\"0 0 1000 100\" preserveAspectRatio=\"none\">\n\t<path class=\"elementor-shape-fill\" d=\"M421.9,6.5c22.6-2.5,51.5,0.4,75.5,5.3c23.6,4.9,70.9,23.5,100.5,35.7c75.8,32.2,133.7,44.5,192.6,49.7\n\tc23.6,2.1,48.7,3.5,103.4-2.5c54.7-6,106.2-25.6,106.2-25.6V0H0v30.3c0,0,72,32.6,158.4,30.5c39.2-0.7,92.8-6.7,134-22.4\n\tc21.2-8.1,52.2-18.2,79.7-24.2C399.3,7.9,411.6,7.5,421.9,6.5z\"\/>\n<\/svg>\t\t<\/div>\n\t\t\t\t\t<div class=\"elementor-container elementor-column-gap-default\">\n\t\t\t\t\t<div class=\"elementor-column elementor-col-100 elementor-top-column elementor-element elementor-element-61378da8\" data-id=\"61378da8\" data-element_type=\"column\" data-e-type=\"column\">\n\t\t\t<div class=\"elementor-widget-wrap\">\n\t\t\t\t\t\t\t<\/div>\n\t\t<\/div>\n\t\t\t\t\t<\/div>\n\t\t<\/section>\n\t\t<div class=\"elementor-element elementor-element-1afc998 e-flex e-con-boxed wpr-particle-no wpr-jarallax-no wpr-parallax-no wpr-sticky-section-no e-con e-parent\" data-id=\"1afc998\" data-element_type=\"container\" data-e-type=\"container\">\n\t\t\t\t\t<div class=\"e-con-inner\">\n\t\t\t\t<div class=\"elementor-element elementor-element-6ecc1f7 elementor-widget elementor-widget-wpr-magazine-grid\" data-id=\"6ecc1f7\" data-element_type=\"widget\" data-e-type=\"widget\" data-widget_type=\"wpr-magazine-grid.default\">\n\t\t\t\t\t<div class=\"wpr-magazine-grid-wrap\"  data-slide-effect=\"\"><section class=\"wpr-magazine-grid wpr-mgzn-grid-1-1-3 wpr-mgzn-grid-rows-1\"><article class=\"wpr-mgzn-grid-item elementor-clearfix post-429 post type-post status-publish format-standard hentry category-uncategorized\"><div class=\"wpr-grid-item-inner\"><div class=\"wpr-grid-media-wrap\" data-overlay-link=\"yes\"><div class=\"wpr-grid-media-hover wpr-animation-wrap\"><div class=\"wpr-grid-media-hover-bg  wpr-overlay-fade-out wpr-anim-size-medium wpr-anim-timing-ease-default wpr-anim-transparency\" data-url=\"https:\/\/printspadix.com\/index.php\/2022\/02\/21\/4-best-website-builder-tools\/\"><\/div><div class=\"wpr-grid-media-hover-bottom elementor-clearfix\"><div class=\"wpr-grid-item-category elementor-repeater-item-26625c2 wpr-grid-item-display-block wpr-grid-item-align-left wpr-pointer-none wpr-pointer-line-fx wpr-pointer-fx-fade wpr-grid-tax-style-1\"><div class=\"inner-block\"><a class=\" wpr-tax-id-1\" href=\"https:\/\/printspadix.com\/index.php\/category\/uncategorized\/\">Uncategorized<\/a><\/div><\/div><h2 class=\"wpr-grid-item-title elementor-repeater-item-71b5fdf wpr-grid-item-display-block wpr-grid-item-align-left wpr-pointer-none wpr-pointer-line-fx wpr-pointer-fx-fade\"><div class=\"inner-block\"><a  target=\"_self\"  href=\"https:\/\/printspadix.com\/index.php\/2022\/02\/21\/4-best-website-builder-tools\/\">4 Best Website Builder Tools<\/a><\/div><\/h2><div class=\"wpr-grid-item-author elementor-repeater-item-155a74f wpr-grid-item-display-inline wpr-grid-item-align-left\"><div class=\"inner-block\"><a href=\"https:\/\/printspadix.com\/index.php\/author\/ndiogou\/\"><span>admin<\/span><\/a><\/div><\/div><div class=\"wpr-grid-item-separator elementor-repeater-item-9e46b8f wpr-grid-item-display-inline wpr-grid-item-align-left wpr-grid-sep-style-1\"><div class=\"inner-block\"><span><\/span><\/div><\/div><div class=\"wpr-grid-item-date elementor-repeater-item-134025c wpr-grid-item-display-inline wpr-grid-item-align-left\"><div class=\"inner-block\"><span>f\u00e9vrier 21, 2022<\/span><\/div><\/div><\/div><\/div><\/div><\/div><\/article><article class=\"wpr-mgzn-grid-item elementor-clearfix post-427 post type-post status-publish format-standard hentry category-imprimerie-industrielle\"><div class=\"wpr-grid-item-inner\"><div class=\"wpr-grid-media-wrap\" data-overlay-link=\"yes\"><div class=\"wpr-grid-media-hover wpr-animation-wrap\"><div class=\"wpr-grid-media-hover-bg  wpr-overlay-fade-out wpr-anim-size-medium wpr-anim-timing-ease-default wpr-anim-transparency\" data-url=\"https:\/\/printspadix.com\/index.php\/2022\/02\/21\/how-to-use-social-media\/\"><\/div><div class=\"wpr-grid-media-hover-bottom elementor-clearfix\"><div class=\"wpr-grid-item-category elementor-repeater-item-26625c2 wpr-grid-item-display-block wpr-grid-item-align-left wpr-pointer-none wpr-pointer-line-fx wpr-pointer-fx-fade wpr-grid-tax-style-1\"><div class=\"inner-block\"><a class=\" wpr-tax-id-22\" href=\"https:\/\/printspadix.com\/index.php\/category\/imprimerie-industrielle\/\">Imprimerie Industrielle<\/a><\/div><\/div><h2 class=\"wpr-grid-item-title elementor-repeater-item-71b5fdf wpr-grid-item-display-block wpr-grid-item-align-left wpr-pointer-none wpr-pointer-line-fx wpr-pointer-fx-fade\"><div class=\"inner-block\"><a  target=\"_self\"  href=\"https:\/\/printspadix.com\/index.php\/2022\/02\/21\/how-to-use-social-media\/\">L\u2019imprimerie au S\u00e9n\u00e9gal : un secteur en pleine mutation<\/a><\/div><\/h2><div class=\"wpr-grid-item-author elementor-repeater-item-155a74f wpr-grid-item-display-inline wpr-grid-item-align-left\"><div class=\"inner-block\"><a href=\"https:\/\/printspadix.com\/index.php\/author\/ndiogou\/\"><span>admin<\/span><\/a><\/div><\/div><div class=\"wpr-grid-item-separator elementor-repeater-item-9e46b8f wpr-grid-item-display-inline wpr-grid-item-align-left wpr-grid-sep-style-1\"><div class=\"inner-block\"><span><\/span><\/div><\/div><div class=\"wpr-grid-item-date elementor-repeater-item-134025c wpr-grid-item-display-inline wpr-grid-item-align-left\"><div class=\"inner-block\"><span>f\u00e9vrier 21, 2022<\/span><\/div><\/div><\/div><\/div><\/div><\/div><\/article><article class=\"wpr-mgzn-grid-item elementor-clearfix post-425 post type-post status-publish format-standard hentry category-uncategorized\"><div class=\"wpr-grid-item-inner\"><div class=\"wpr-grid-media-wrap\" data-overlay-link=\"yes\"><div class=\"wpr-grid-media-hover wpr-animation-wrap\"><div class=\"wpr-grid-media-hover-bg  wpr-overlay-fade-out wpr-anim-size-medium wpr-anim-timing-ease-default wpr-anim-transparency\" data-url=\"https:\/\/printspadix.com\/index.php\/2022\/02\/21\/hybrid-working-digital-marketing\/\"><\/div><div class=\"wpr-grid-media-hover-bottom elementor-clearfix\"><div class=\"wpr-grid-item-category elementor-repeater-item-26625c2 wpr-grid-item-display-block wpr-grid-item-align-left wpr-pointer-none wpr-pointer-line-fx wpr-pointer-fx-fade wpr-grid-tax-style-1\"><div class=\"inner-block\"><a class=\" wpr-tax-id-1\" href=\"https:\/\/printspadix.com\/index.php\/category\/uncategorized\/\">Uncategorized<\/a><\/div><\/div><h2 class=\"wpr-grid-item-title elementor-repeater-item-71b5fdf wpr-grid-item-display-block wpr-grid-item-align-left wpr-pointer-none wpr-pointer-line-fx wpr-pointer-fx-fade\"><div class=\"inner-block\"><a  target=\"_self\"  href=\"https:\/\/printspadix.com\/index.php\/2022\/02\/21\/hybrid-working-digital-marketing\/\">Hybrid Working &#038; Digital Marketing<\/a><\/div><\/h2><div class=\"wpr-grid-item-author elementor-repeater-item-155a74f wpr-grid-item-display-inline wpr-grid-item-align-left\"><div class=\"inner-block\"><a href=\"https:\/\/printspadix.com\/index.php\/author\/ndiogou\/\"><span>admin<\/span><\/a><\/div><\/div><div class=\"wpr-grid-item-separator elementor-repeater-item-9e46b8f wpr-grid-item-display-inline wpr-grid-item-align-left wpr-grid-sep-style-1\"><div class=\"inner-block\"><span><\/span><\/div><\/div><div class=\"wpr-grid-item-date elementor-repeater-item-134025c wpr-grid-item-display-inline wpr-grid-item-align-left\"><div class=\"inner-block\"><span>f\u00e9vrier 21, 2022<\/span><\/div><\/div><\/div><\/div><\/div><\/div><\/article><article class=\"wpr-mgzn-grid-item elementor-clearfix post-423 post type-post status-publish format-standard hentry category-uncategorized\"><div class=\"wpr-grid-item-inner\"><div class=\"wpr-grid-media-wrap\" data-overlay-link=\"yes\"><div class=\"wpr-grid-media-hover wpr-animation-wrap\"><div class=\"wpr-grid-media-hover-bg  wpr-overlay-fade-out wpr-anim-size-medium wpr-anim-timing-ease-default wpr-anim-transparency\" data-url=\"https:\/\/printspadix.com\/index.php\/2022\/02\/21\/best-marketing-agencies\/\"><\/div><div class=\"wpr-grid-media-hover-bottom elementor-clearfix\"><div class=\"wpr-grid-item-category elementor-repeater-item-26625c2 wpr-grid-item-display-block wpr-grid-item-align-left wpr-pointer-none wpr-pointer-line-fx wpr-pointer-fx-fade wpr-grid-tax-style-1\"><div class=\"inner-block\"><a class=\" wpr-tax-id-1\" href=\"https:\/\/printspadix.com\/index.php\/category\/uncategorized\/\">Uncategorized<\/a><\/div><\/div><h2 class=\"wpr-grid-item-title elementor-repeater-item-71b5fdf wpr-grid-item-display-block wpr-grid-item-align-left wpr-pointer-none wpr-pointer-line-fx wpr-pointer-fx-fade\"><div class=\"inner-block\"><a  target=\"_self\"  href=\"https:\/\/printspadix.com\/index.php\/2022\/02\/21\/best-marketing-agencies\/\">Best Marketing Agencies<\/a><\/div><\/h2><div class=\"wpr-grid-item-author elementor-repeater-item-155a74f wpr-grid-item-display-inline wpr-grid-item-align-left\"><div class=\"inner-block\"><a href=\"https:\/\/printspadix.com\/index.php\/author\/ndiogou\/\"><span>admin<\/span><\/a><\/div><\/div><div class=\"wpr-grid-item-separator elementor-repeater-item-9e46b8f wpr-grid-item-display-inline wpr-grid-item-align-left wpr-grid-sep-style-1\"><div class=\"inner-block\"><span><\/span><\/div><\/div><div class=\"wpr-grid-item-date elementor-repeater-item-134025c wpr-grid-item-display-inline wpr-grid-item-align-left\"><div class=\"inner-block\"><span>f\u00e9vrier 21, 2022<\/span><\/div><\/div><\/div><\/div><\/div><\/div><\/article><article class=\"wpr-mgzn-grid-item elementor-clearfix post-421 post type-post status-publish format-standard hentry category-uncategorized\"><div class=\"wpr-grid-item-inner\"><div class=\"wpr-grid-media-wrap\" data-overlay-link=\"yes\"><div class=\"wpr-grid-media-hover wpr-animation-wrap\"><div class=\"wpr-grid-media-hover-bg  wpr-overlay-fade-out wpr-anim-size-medium wpr-anim-timing-ease-default wpr-anim-transparency\" data-url=\"https:\/\/printspadix.com\/index.php\/2022\/02\/21\/agencies-for-gaming-companies\/\"><\/div><div class=\"wpr-grid-media-hover-bottom elementor-clearfix\"><div class=\"wpr-grid-item-category elementor-repeater-item-26625c2 wpr-grid-item-display-block wpr-grid-item-align-left wpr-pointer-none wpr-pointer-line-fx wpr-pointer-fx-fade wpr-grid-tax-style-1\"><div class=\"inner-block\"><a class=\" wpr-tax-id-1\" href=\"https:\/\/printspadix.com\/index.php\/category\/uncategorized\/\">Uncategorized<\/a><\/div><\/div><h2 class=\"wpr-grid-item-title elementor-repeater-item-71b5fdf wpr-grid-item-display-block wpr-grid-item-align-left wpr-pointer-none wpr-pointer-line-fx wpr-pointer-fx-fade\"><div class=\"inner-block\"><a  target=\"_self\"  href=\"https:\/\/printspadix.com\/index.php\/2022\/02\/21\/agencies-for-gaming-companies\/\">Agencies for Gaming Companies<\/a><\/div><\/h2><div class=\"wpr-grid-item-author elementor-repeater-item-155a74f wpr-grid-item-display-inline wpr-grid-item-align-left\"><div class=\"inner-block\"><a href=\"https:\/\/printspadix.com\/index.php\/author\/ndiogou\/\"><span>admin<\/span><\/a><\/div><\/div><div class=\"wpr-grid-item-separator elementor-repeater-item-9e46b8f wpr-grid-item-display-inline wpr-grid-item-align-left wpr-grid-sep-style-1\"><div class=\"inner-block\"><span><\/span><\/div><\/div><div class=\"wpr-grid-item-date elementor-repeater-item-134025c wpr-grid-item-display-inline wpr-grid-item-align-left\"><div class=\"inner-block\"><span>f\u00e9vrier 21, 2022<\/span><\/div><\/div><\/div><\/div><\/div><\/div><\/article><\/section><\/div>\t\t\t\t<\/div>\n\t\t\t\t\t<\/div>\n\t\t\t\t<\/div>\n\t\t<div class=\"elementor-element elementor-element-53596b9 e-flex e-con-boxed wpr-particle-no wpr-jarallax-no wpr-parallax-no wpr-sticky-section-no e-con e-parent\" data-id=\"53596b9\" data-element_type=\"container\" data-e-type=\"container\">\n\t\t\t\t\t<div class=\"e-con-inner\">\n\t\t\t\t<div class=\"elementor-element elementor-element-6bd529f wpr-scroll-vertical wpr-trigger-hover elementor-widget elementor-widget-wpr-image-scroll\" data-id=\"6bd529f\" data-element_type=\"widget\" data-e-type=\"widget\" data-widget_type=\"wpr-image-scroll.default\">\n\t\t\t\t\t    \n            \n        <div class=\"wpr-image-scroll-wrap wpr-scroll-vertical wpr-trigger-hover \" data-speed=\"2\">\n            <img fetchpriority=\"high\" decoding=\"async\" width=\"1000\" height=\"667\" src=\"https:\/\/printspadix.com\/wp-content\/uploads\/2025\/08\/314.jpg\" class=\"attachment-full size-full wp-image-998\" alt=\"\" srcset=\"https:\/\/printspadix.com\/wp-content\/uploads\/2025\/08\/314.jpg 1000w, https:\/\/printspadix.com\/wp-content\/uploads\/2025\/08\/314-300x200.jpg 300w, https:\/\/printspadix.com\/wp-content\/uploads\/2025\/08\/314-768x512.jpg 768w\" sizes=\"(max-width: 1000px) 100vw, 1000px\" \/>            \n                    \n                    <\/div>\n    \n        \t\t\t\t<\/div>\n\t\t\t\t\t<\/div>\n\t\t\t\t<\/div>\n\t\t\t\t<\/div>\n\t\t","protected":false},"excerpt":{"rendered":"<p>Uncategorized 4 Best Website Builder Tools adminf\u00e9vrier 21, 2022 Imprimerie Industrielle L\u2019imprimerie au S\u00e9n\u00e9gal : un secteur en pleine mutation adminf\u00e9vrier 21, 2022 Uncategorized Hybrid Working &#038; Digital Marketing adminf\u00e9vrier 21, 2022 Uncategorized Best Marketing Agencies adminf\u00e9vrier 21, 2022 Uncategorized Agencies for Gaming Companies adminf\u00e9vrier 21, 2022<\/p>\n","protected":false},"author":1,"featured_media":0,"parent":0,"menu_order":0,"comment_status":"closed","ping_status":"closed","template":"","meta":{"footnotes":""},"class_list":["post-1515","page","type-page","status-publish","hentry"],"_links":{"self":[{"href":"https:\/\/printspadix.com\/index.php\/wp-json\/wp\/v2\/pages\/1515","targetHints":{"allow":["GET"]}}],"collection":[{"href":"https:\/\/printspadix.com\/index.php\/wp-json\/wp\/v2\/pages"}],"about":[{"href":"https:\/\/printspadix.com\/index.php\/wp-json\/wp\/v2\/types\/page"}],"author":[{"embeddable":true,"href":"https:\/\/printspadix.com\/index.php\/wp-json\/wp\/v2\/users\/1"}],"replies":[{"embeddable":true,"href":"https:\/\/printspadix.com\/index.php\/wp-json\/wp\/v2\/comments?post=1515"}],"version-history":[{"count":13,"href":"https:\/\/printspadix.com\/index.php\/wp-json\/wp\/v2\/pages\/1515\/revisions"}],"predecessor-version":[{"id":1556,"href":"https:\/\/printspadix.com\/index.php\/wp-json\/wp\/v2\/pages\/1515\/revisions\/1556"}],"wp:attachment":[{"href":"https:\/\/printspadix.com\/index.php\/wp-json\/wp\/v2\/media?parent=1515"}],"curies":[{"name":"wp","href":"https:\/\/api.w.org\/{rel}","templated":true}]}}