{"id":1388,"date":"2025-08-28T16:59:46","date_gmt":"2025-08-28T16:59:46","guid":{"rendered":"https:\/\/printspadix.com\/?page_id=1388"},"modified":"2026-02-24T16:00:58","modified_gmt":"2026-02-24T16:00:58","slug":"communication-visuelle","status":"publish","type":"page","link":"https:\/\/printspadix.com\/index.php\/communication-visuelle\/","title":{"rendered":"Communication Visuelle"},"content":{"rendered":"\t\t<div data-elementor-type=\"wp-page\" data-elementor-id=\"1388\" class=\"elementor elementor-1388\">\n\t\t\t\t\t\t<section class=\"elementor-section elementor-top-section elementor-element elementor-element-64f394af0 elementor-section-boxed elementor-section-height-default elementor-section-height-default wpr-particle-no wpr-jarallax-no wpr-parallax-no wpr-sticky-section-no\" data-id=\"64f394af0\" data-element_type=\"section\" data-e-type=\"section\" data-settings=\"{&quot;background_background&quot;:&quot;classic&quot;}\">\n\t\t\t\t\t\t\t<div class=\"elementor-background-overlay\"><\/div>\n\t\t\t\t\t\t\t<div class=\"elementor-container elementor-column-gap-default\">\n\t\t\t\t\t<div class=\"elementor-column elementor-col-100 elementor-top-column elementor-element elementor-element-12ac09f9\" data-id=\"12ac09f9\" data-element_type=\"column\" data-e-type=\"column\">\n\t\t\t<div class=\"elementor-widget-wrap elementor-element-populated\">\n\t\t\t\t\t\t<div class=\"elementor-element elementor-element-7012091b elementor-widget elementor-widget-heading\" data-id=\"7012091b\" data-element_type=\"widget\" data-e-type=\"widget\" data-widget_type=\"heading.default\">\n\t\t\t\t\t<h2 class=\"elementor-heading-title elementor-size-default\">COMMUNICATION VISUELLE<\/h2>\t\t\t\t<\/div>\n\t\t\t\t\t<\/div>\n\t\t<\/div>\n\t\t\t\t\t<\/div>\n\t\t<\/section>\n\t\t\t\t<section class=\"elementor-section elementor-top-section elementor-element elementor-element-b508f2e elementor-section-boxed elementor-section-height-default elementor-section-height-default wpr-particle-no wpr-jarallax-no wpr-parallax-no wpr-sticky-section-no\" data-id=\"b508f2e\" data-element_type=\"section\" data-e-type=\"section\">\n\t\t\t\t\t\t<div class=\"elementor-container elementor-column-gap-wide\">\n\t\t\t\t\t<div class=\"elementor-column elementor-col-50 elementor-top-column elementor-element elementor-element-58c4e2c1\" data-id=\"58c4e2c1\" data-element_type=\"column\" data-e-type=\"column\">\n\t\t\t<div class=\"elementor-widget-wrap elementor-element-populated\">\n\t\t\t\t\t\t<div class=\"elementor-element elementor-element-3fe5de2b elementor-widget elementor-widget-image\" data-id=\"3fe5de2b\" data-element_type=\"widget\" data-e-type=\"widget\" data-widget_type=\"image.default\">\n\t\t\t\t\t\t\t\t\t\t\t\t\t\t\t<img fetchpriority=\"high\" decoding=\"async\" width=\"2560\" height=\"1707\" src=\"https:\/\/printspadix.com\/wp-content\/uploads\/2026\/02\/grand-voiture-brand-1-scaled.png\" class=\"attachment-full size-full wp-image-1698\" alt=\"\" srcset=\"https:\/\/printspadix.com\/wp-content\/uploads\/2026\/02\/grand-voiture-brand-1-scaled.png 2560w, https:\/\/printspadix.com\/wp-content\/uploads\/2026\/02\/grand-voiture-brand-1-300x200.png 300w, https:\/\/printspadix.com\/wp-content\/uploads\/2026\/02\/grand-voiture-brand-1-1024x683.png 1024w, https:\/\/printspadix.com\/wp-content\/uploads\/2026\/02\/grand-voiture-brand-1-768x512.png 768w, https:\/\/printspadix.com\/wp-content\/uploads\/2026\/02\/grand-voiture-brand-1-1536x1024.png 1536w, https:\/\/printspadix.com\/wp-content\/uploads\/2026\/02\/grand-voiture-brand-1-2048x1365.png 2048w\" sizes=\"(max-width: 2560px) 100vw, 2560px\" \/>\t\t\t\t\t\t\t\t\t\t\t\t\t\t\t<\/div>\n\t\t\t\t\t<\/div>\n\t\t<\/div>\n\t\t\t\t<div class=\"elementor-column elementor-col-50 elementor-top-column elementor-element elementor-element-6192b89b\" data-id=\"6192b89b\" data-element_type=\"column\" data-e-type=\"column\">\n\t\t\t<div class=\"elementor-widget-wrap elementor-element-populated\">\n\t\t\t\t\t\t<div class=\"elementor-element elementor-element-12b022ff elementor-widget elementor-widget-heading\" data-id=\"12b022ff\" data-element_type=\"widget\" data-e-type=\"widget\" data-widget_type=\"heading.default\">\n\t\t\t\t\t<h2 class=\"elementor-heading-title elementor-size-default\">Marquage V\u00e9hicule (Branding)<\/h2>\t\t\t\t<\/div>\n\t\t\t\t<div class=\"elementor-element elementor-element-59f185c8 elementor-widget elementor-widget-text-editor\" data-id=\"59f185c8\" data-element_type=\"widget\" data-e-type=\"widget\" data-widget_type=\"text-editor.default\">\n\t\t\t\t\t\t\t\t\t<p data-path-to-node=\"14\">Transformez vos v\u00e9hicules en ambassadeurs mobiles. Une publicit\u00e9 itin\u00e9rante efficace pour toucher vos clients partout o\u00f9 vous allez.<\/p><ul data-path-to-node=\"15\"><li><p data-path-to-node=\"15,0,0\"><i data-path-to-node=\"15,0,0\" data-index-in-node=\"0\">Lettrage simple (logo et coordonn\u00e9es).<\/i><\/p><\/li><li><p data-path-to-node=\"15,1,0\"><i data-path-to-node=\"15,1,0\" data-index-in-node=\"0\">Semi-covering ou Total covering.<\/i><\/p><\/li><li><p data-path-to-node=\"15,2,0\"><i data-path-to-node=\"15,2,0\" data-index-in-node=\"0\">Solutions magn\u00e9tiques amovibles.<\/i><\/p><\/li><\/ul>\t\t\t\t\t\t\t\t<\/div>\n\t\t\t\t<div class=\"elementor-element elementor-element-40450ac3 wpr-button-icon-style-inline wpr-button-icon-position-right elementor-widget elementor-widget-wpr-button\" data-id=\"40450ac3\" data-element_type=\"widget\" data-e-type=\"widget\" data-widget_type=\"wpr-button.default\">\n\t\t\t\t\t\t\n\t\t\t\n\t\t\n\t\t<div class=\"wpr-button-wrap elementor-clearfix\">\n\t\t<a class=\"wpr-button wpr-button-effect wpr-button-none\" data-text=\"\" href=\"#link\">\n\t\t\t\n\t\t\t<span class=\"wpr-button-content\">\n\t\t\t\t\t\t\t\t\t<span class=\"wpr-button-text\">COMMANDER<\/span>\n\t\t\t\t\t\t\t\t\n\t\t\t\t\t\t\t<\/span>\n\t\t<\/a>\n\n\t\t\t\t<\/div>\n\t\n\t\n\t\t\t\t\t<\/div>\n\t\t\t\t\t<\/div>\n\t\t<\/div>\n\t\t\t\t\t<\/div>\n\t\t<\/section>\n\t\t\t\t<section class=\"elementor-section elementor-top-section elementor-element elementor-element-748b7f32 elementor-section-boxed elementor-section-height-default elementor-section-height-default wpr-particle-no wpr-jarallax-no wpr-parallax-no wpr-sticky-section-no\" data-id=\"748b7f32\" data-element_type=\"section\" data-e-type=\"section\">\n\t\t\t\t\t\t<div class=\"elementor-container elementor-column-gap-wide\">\n\t\t\t\t\t<div class=\"elementor-column elementor-col-50 elementor-top-column elementor-element elementor-element-7eeb27d7\" data-id=\"7eeb27d7\" data-element_type=\"column\" data-e-type=\"column\">\n\t\t\t<div class=\"elementor-widget-wrap elementor-element-populated\">\n\t\t\t\t\t\t<div class=\"elementor-element elementor-element-4f1925f1 elementor-widget elementor-widget-heading\" data-id=\"4f1925f1\" data-element_type=\"widget\" data-e-type=\"widget\" data-widget_type=\"heading.default\">\n\t\t\t\t\t<h2 class=\"elementor-heading-title elementor-size-default\">Graphic Design<\/h2>\t\t\t\t<\/div>\n\t\t\t\t<div class=\"elementor-element elementor-element-5d07d79 elementor-widget elementor-widget-text-editor\" data-id=\"5d07d79\" data-element_type=\"widget\" data-e-type=\"widget\" data-widget_type=\"text-editor.default\">\n\t\t\t\t\t\t\t\t\t<p data-path-to-node=\"8\">Votre logo et votre charte graphique sont le visage de votre entreprise. Nos designers cr\u00e9ent des visuels qui marquent les esprits et respectent votre ADN.<\/p><ul data-path-to-node=\"9\"><li><p data-path-to-node=\"9,0,0\"><i data-path-to-node=\"9,0,0\" data-index-in-node=\"0\">Cr\u00e9ation de logos et identit\u00e9 visuelle.<\/i><\/p><\/li><li><p data-path-to-node=\"9,1,0\"><i data-path-to-node=\"9,1,0\" data-index-in-node=\"0\">Mise en page de catalogues et brochures.<\/i><\/p><\/li><li><p data-path-to-node=\"9,2,0\"><i data-path-to-node=\"9,2,0\" data-index-in-node=\"0\">Design publicitaire pour r\u00e9seaux sociaux et print.<\/i><\/p><\/li><\/ul>\t\t\t\t\t\t\t\t<\/div>\n\t\t\t\t<div class=\"elementor-element elementor-element-64ab3af wpr-button-icon-style-inline wpr-button-icon-position-right elementor-widget elementor-widget-wpr-button\" data-id=\"64ab3af\" data-element_type=\"widget\" data-e-type=\"widget\" data-widget_type=\"wpr-button.default\">\n\t\t\t\t\t\t\n\t\t\t\n\t\t\n\t\t<div class=\"wpr-button-wrap elementor-clearfix\">\n\t\t<a class=\"wpr-button wpr-button-effect wpr-button-none\" data-text=\"\" href=\"#link\">\n\t\t\t\n\t\t\t<span class=\"wpr-button-content\">\n\t\t\t\t\t\t\t\t\t<span class=\"wpr-button-text\">COMMANDER<\/span>\n\t\t\t\t\t\t\t\t\n\t\t\t\t\t\t\t<\/span>\n\t\t<\/a>\n\n\t\t\t\t<\/div>\n\t\n\t\n\t\t\t\t\t<\/div>\n\t\t\t\t\t<\/div>\n\t\t<\/div>\n\t\t\t\t<div class=\"elementor-column elementor-col-50 elementor-top-column elementor-element elementor-element-a86c3ca\" data-id=\"a86c3ca\" data-element_type=\"column\" data-e-type=\"column\">\n\t\t\t<div class=\"elementor-widget-wrap elementor-element-populated\">\n\t\t\t\t\t\t<div class=\"elementor-element elementor-element-20e86409 elementor-widget elementor-widget-image\" data-id=\"20e86409\" data-element_type=\"widget\" data-e-type=\"widget\" data-widget_type=\"image.default\">\n\t\t\t\t\t\t\t\t\t\t\t\t\t\t\t<img decoding=\"async\" width=\"1500\" height=\"1130\" src=\"https:\/\/printspadix.com\/wp-content\/uploads\/2026\/02\/55485.jpg\" class=\"attachment-full size-full wp-image-1700\" alt=\"\" srcset=\"https:\/\/printspadix.com\/wp-content\/uploads\/2026\/02\/55485.jpg 1500w, https:\/\/printspadix.com\/wp-content\/uploads\/2026\/02\/55485-300x226.jpg 300w, https:\/\/printspadix.com\/wp-content\/uploads\/2026\/02\/55485-1024x771.jpg 1024w, https:\/\/printspadix.com\/wp-content\/uploads\/2026\/02\/55485-768x579.jpg 768w\" sizes=\"(max-width: 1500px) 100vw, 1500px\" \/>\t\t\t\t\t\t\t\t\t\t\t\t\t\t\t<\/div>\n\t\t\t\t\t<\/div>\n\t\t<\/div>\n\t\t\t\t\t<\/div>\n\t\t<\/section>\n\t\t\t\t<section class=\"elementor-section elementor-top-section elementor-element elementor-element-43504f05 elementor-section-boxed elementor-section-height-default elementor-section-height-default wpr-particle-no wpr-jarallax-no wpr-parallax-no wpr-sticky-section-no\" data-id=\"43504f05\" data-element_type=\"section\" data-e-type=\"section\">\n\t\t\t\t\t\t<div class=\"elementor-container elementor-column-gap-wide\">\n\t\t\t\t\t<div class=\"elementor-column elementor-col-50 elementor-top-column elementor-element elementor-element-55f468b5\" data-id=\"55f468b5\" data-element_type=\"column\" data-e-type=\"column\">\n\t\t\t<div class=\"elementor-widget-wrap elementor-element-populated\">\n\t\t\t\t\t\t<div class=\"elementor-element elementor-element-17c7ab3e elementor-widget__width-initial elementor-widget elementor-widget-image\" data-id=\"17c7ab3e\" data-element_type=\"widget\" data-e-type=\"widget\" data-widget_type=\"image.default\">\n\t\t\t\t\t\t\t\t\t\t\t\t\t\t\t<img decoding=\"async\" width=\"583\" height=\"591\" src=\"https:\/\/printspadix.com\/wp-content\/uploads\/2026\/02\/about.png\" class=\"attachment-full size-full wp-image-1701\" alt=\"\" srcset=\"https:\/\/printspadix.com\/wp-content\/uploads\/2026\/02\/about.png 583w, https:\/\/printspadix.com\/wp-content\/uploads\/2026\/02\/about-296x300.png 296w\" sizes=\"(max-width: 583px) 100vw, 583px\" \/>\t\t\t\t\t\t\t\t\t\t\t\t\t\t\t<\/div>\n\t\t\t\t\t<\/div>\n\t\t<\/div>\n\t\t\t\t<div class=\"elementor-column elementor-col-50 elementor-top-column elementor-element elementor-element-cc8a5e2\" data-id=\"cc8a5e2\" data-element_type=\"column\" data-e-type=\"column\">\n\t\t\t<div class=\"elementor-widget-wrap elementor-element-populated\">\n\t\t\t\t\t\t<div class=\"elementor-element elementor-element-16688581 elementor-widget elementor-widget-heading\" data-id=\"16688581\" data-element_type=\"widget\" data-e-type=\"widget\" data-widget_type=\"heading.default\">\n\t\t\t\t\t<h2 class=\"elementor-heading-title elementor-size-default\">Impression sur tous supports<\/h2>\t\t\t\t<\/div>\n\t\t\t\t<div class=\"elementor-element elementor-element-391e67ea elementor-widget elementor-widget-text-editor\" data-id=\"391e67ea\" data-element_type=\"widget\" data-e-type=\"widget\" data-widget_type=\"text-editor.default\">\n\t\t\t\t\t\t\t\t\t<h3 data-path-to-node=\"5\">\u00a0<\/h3><p data-path-to-node=\"4\">Chez <b data-path-to-node=\"4\" data-index-in-node=\"5\">Printspadix<\/b>, nous ne nous contentons pas du papier. Nous repoussons les fronti\u00e8res de l\u2019impression pour donner vie \u00e0 vos projets sur les mati\u00e8res les plus vari\u00e9es. Gr\u00e2ce \u00e0 nos technologies de pointe (UV, sublimation, jet d\u2019encre haute d\u00e9finition), nous marquons durablement tous les supports, qu\u2019ils soient souples ou rigides.<\/p>\t\t\t\t\t\t\t\t<\/div>\n\t\t\t\t<div class=\"elementor-element elementor-element-14d3b044 wpr-button-icon-style-inline wpr-button-icon-position-right elementor-widget elementor-widget-wpr-button\" data-id=\"14d3b044\" data-element_type=\"widget\" data-e-type=\"widget\" data-widget_type=\"wpr-button.default\">\n\t\t\t\t\t\t\n\t\t\t\n\t\t\n\t\t<div class=\"wpr-button-wrap elementor-clearfix\">\n\t\t<a class=\"wpr-button wpr-button-effect wpr-button-none\" data-text=\"\" href=\"#link\">\n\t\t\t\n\t\t\t<span class=\"wpr-button-content\">\n\t\t\t\t\t\t\t\t\t<span class=\"wpr-button-text\">COMMANDER<\/span>\n\t\t\t\t\t\t\t\t\n\t\t\t\t\t\t\t<\/span>\n\t\t<\/a>\n\n\t\t\t\t<\/div>\n\t\n\t\n\t\t\t\t\t<\/div>\n\t\t\t\t\t<\/div>\n\t\t<\/div>\n\t\t\t\t\t<\/div>\n\t\t<\/section>\n\t\t\t\t<section class=\"elementor-section elementor-top-section elementor-element elementor-element-358946180 elementor-section-boxed elementor-section-height-default elementor-section-height-default wpr-particle-no wpr-jarallax-no wpr-parallax-no wpr-sticky-section-no\" data-id=\"358946180\" data-element_type=\"section\" data-e-type=\"section\">\n\t\t\t\t\t\t<div class=\"elementor-container elementor-column-gap-default\">\n\t\t\t\t\t<div class=\"elementor-column elementor-col-33 elementor-top-column elementor-element elementor-element-55d3bbc8\" data-id=\"55d3bbc8\" data-element_type=\"column\" data-e-type=\"column\">\n\t\t\t<div class=\"elementor-widget-wrap elementor-element-populated\">\n\t\t\t\t\t\t<div class=\"elementor-element elementor-element-477a1b29 wpr-flip-box-anim-direction-left wpr-flip-box-front-align-right wpr-flip-box-animation-flip wpr-flip-box-back-align-center elementor-widget elementor-widget-wpr-flip-box\" data-id=\"477a1b29\" data-element_type=\"widget\" data-e-type=\"widget\" data-widget_type=\"wpr-flip-box.default\">\n\t\t\t\t\t\t\t\t\n\t\t<div class=\"wpr-flip-box\" data-trigger=\"box\">\n\t\t\t\n\t\t\t<div class=\"wpr-flip-box-item wpr-flip-box-front wpr-anim-timing-ease-in-out-quad\">\n\n\t\t\t\t<div class=\"wpr-flip-box-overlay\"><\/div>\n\n\t\t\t\t<div class=\"wpr-flip-box-content\">\n\t\t\t\t\t\n\t\t\t\t\t\t\t\t\t\t\n\t\t\t\t\t\t\t\t\t\t\t<h3 class=\"wpr-flip-box-title\">Happy<br>Place<\/h3>\n\t\t\t\t\t\n\t\t\t\t\t\t\n\n\t\t\t\t\t\t\n\n\t\t\t\t<\/div>\n\t\t\t<\/div>\n\n\t\t\t<div class=\"wpr-flip-box-item wpr-flip-box-back wpr-anim-timing-ease-in-out-quad\">\n\n\t\t\t\t<div class=\"wpr-flip-box-overlay\"><\/div>\n\t\t\t\t\n\t\t\t\t<div class=\"wpr-flip-box-content\">\n\t\t\t\t\t\n\t\t\t\t\t\t\t\t\t\t<a class=\"wpr-flip-box-link\" ><\/a>\t\n\t\t\t\t\t\n\t\t\t\t\t\t\t\t\t\t<div class=\"wpr-flip-box-icon\">\n\t\t\t\t\t\t<i class=\"fas fa-moon\"><\/i>\n\t\t\t\t\t<\/div>\n\t\t\t\t\t\t\t\t\t\t\n\t\t\t\t\t\t\t\t\t\t\t<h3 class=\"wpr-flip-box-title\">\n\t\t\t\t\t\t\tSeaside Adventures\t\t\t\t\t\t<\/h3>\n\t\t\t\t\t\n\t\t\t\t\t\t\t\t\t\t\t<div class=\"wpr-flip-box-description\"><p>Your suppliers take care of the rest. Quality Assured. Far quitting dwelling graceful the likewise received building.<\/p><\/div>\t\t\t\t\t\t\n\t\t\t\t\t\t\n\n\t\t\t\t\t\t\n\n\t\t\t\t<\/div>\n\t\t\t<\/div>\n\t\t<\/div>\n\n\t\t\t\t\t\t<\/div>\n\t\t\t\t\t<\/div>\n\t\t<\/div>\n\t\t\t\t<div class=\"elementor-column elementor-col-33 elementor-top-column elementor-element elementor-element-3808d8f1\" data-id=\"3808d8f1\" data-element_type=\"column\" data-e-type=\"column\">\n\t\t\t<div class=\"elementor-widget-wrap elementor-element-populated\">\n\t\t\t\t\t\t<div class=\"elementor-element elementor-element-3e8e32 wpr-flip-box-front-align-left wpr-flip-box-anim-direction-up wpr-flip-box-animation-flip wpr-flip-box-back-align-center elementor-widget elementor-widget-wpr-flip-box\" data-id=\"3e8e32\" data-element_type=\"widget\" data-e-type=\"widget\" data-widget_type=\"wpr-flip-box.default\">\n\t\t\t\t\t\t\t\t\n\t\t<div class=\"wpr-flip-box\" data-trigger=\"box\">\n\t\t\t\n\t\t\t<div class=\"wpr-flip-box-item wpr-flip-box-front wpr-anim-timing-ease-in-out-quad\">\n\n\t\t\t\t<div class=\"wpr-flip-box-overlay\"><\/div>\n\n\t\t\t\t<div class=\"wpr-flip-box-content\">\n\t\t\t\t\t\n\t\t\t\t\t\t\t\t\t\t\n\t\t\t\t\t\t\t\t\t\t\t<h3 class=\"wpr-flip-box-title\">Modern<br> Lifestyle<\/h3>\n\t\t\t\t\t\n\t\t\t\t\t\t\n\n\t\t\t\t\t\t\n\n\t\t\t\t<\/div>\n\t\t\t<\/div>\n\n\t\t\t<div class=\"wpr-flip-box-item wpr-flip-box-back wpr-anim-timing-ease-in-out-quad\">\n\n\t\t\t\t<div class=\"wpr-flip-box-overlay\"><\/div>\n\t\t\t\t\n\t\t\t\t<div class=\"wpr-flip-box-content\">\n\t\t\t\t\t\n\t\t\t\t\t\t\t\t\t\t<a class=\"wpr-flip-box-link\" ><\/a>\t\n\t\t\t\t\t\n\t\t\t\t\t\t\t\t\t\t<div class=\"wpr-flip-box-icon\">\n\t\t\t\t\t\t<i class=\"fas fa-star\"><\/i>\n\t\t\t\t\t<\/div>\n\t\t\t\t\t\t\t\t\t\t\n\t\t\t\t\t\t\t\t\t\t\t<h3 class=\"wpr-flip-box-title\">\n\t\t\t\t\t\t\tHome Accessories\t\t\t\t\t\t<\/h3>\n\t\t\t\t\t\n\t\t\t\t\t\t\t\t\t\t\t<div class=\"wpr-flip-box-description\"><p>Agreement gentleman rapturous am eagerness it as resolving household. Direct wicket little of talked lasted formed or it.<\/p><\/div>\t\t\t\t\t\t\n\t\t\t\t\t\t\n\n\t\t\t\t\t\t\n\n\t\t\t\t<\/div>\n\t\t\t<\/div>\n\t\t<\/div>\n\n\t\t\t\t\t\t<\/div>\n\t\t\t\t\t<\/div>\n\t\t<\/div>\n\t\t\t\t<div class=\"elementor-column elementor-col-33 elementor-top-column elementor-element elementor-element-36c845f2\" data-id=\"36c845f2\" data-element_type=\"column\" data-e-type=\"column\">\n\t\t\t<div class=\"elementor-widget-wrap elementor-element-populated\">\n\t\t\t\t\t\t<div class=\"elementor-element elementor-element-3deb985f wpr-flip-box-animation-flip wpr-flip-box-anim-direction-right wpr-flip-box-front-align-center wpr-flip-box-back-align-center elementor-widget elementor-widget-wpr-flip-box\" data-id=\"3deb985f\" data-element_type=\"widget\" data-e-type=\"widget\" data-widget_type=\"wpr-flip-box.default\">\n\t\t\t\t\t\t\t\t\n\t\t<div class=\"wpr-flip-box\" data-trigger=\"box\">\n\t\t\t\n\t\t\t<div class=\"wpr-flip-box-item wpr-flip-box-front wpr-anim-timing-ease-default\">\n\n\t\t\t\t<div class=\"wpr-flip-box-overlay\"><\/div>\n\n\t\t\t\t<div class=\"wpr-flip-box-content\">\n\t\t\t\t\t\n\t\t\t\t\t\t\t\t\t\t\n\t\t\t\t\t\t\t\t\t\t\t<h3 class=\"wpr-flip-box-title\">Baby Boy<\/h3>\n\t\t\t\t\t\n\t\t\t\t\t\t\n\n\t\t\t\t\t\t\n\n\t\t\t\t<\/div>\n\t\t\t<\/div>\n\n\t\t\t<div class=\"wpr-flip-box-item wpr-flip-box-back wpr-anim-timing-ease-default\">\n\n\t\t\t\t<div class=\"wpr-flip-box-overlay\"><\/div>\n\t\t\t\t\n\t\t\t\t<div class=\"wpr-flip-box-content\">\n\t\t\t\t\t\n\t\t\t\t\t\t\t\t\t\t<a class=\"wpr-flip-box-link\" ><\/a>\t\n\t\t\t\t\t\n\t\t\t\t\t\t\t\t\t\t<div class=\"wpr-flip-box-icon\">\n\t\t\t\t\t\t<i class=\"fas fa-rocket\"><\/i>\n\t\t\t\t\t<\/div>\n\t\t\t\t\t\t\t\t\t\t\n\t\t\t\t\t\t\t\t\t\t\t<h3 class=\"wpr-flip-box-title\">\n\t\t\t\t\t\t\tHow to Make Happy Your Baby Boy With Best Products\t\t\t\t\t\t<\/h3>\n\t\t\t\t\t\n\t\t\t\t\t\t\n\n\t\t\t\t\t\t\n\n\t\t\t\t<\/div>\n\t\t\t<\/div>\n\t\t<\/div>\n\n\t\t\t\t\t\t<\/div>\n\t\t\t\t\t<\/div>\n\t\t<\/div>\n\t\t\t\t\t<\/div>\n\t\t<\/section>\n\t\t\t\t<\/div>\n\t\t","protected":false},"excerpt":{"rendered":"<p>COMMUNICATION VISUELLE Marquage V\u00e9hicule (Branding) Transformez vos v\u00e9hicules en ambassadeurs mobiles. Une publicit\u00e9 itin\u00e9rante efficace pour toucher vos clients partout o\u00f9 vous allez. Lettrage simple (logo et coordonn\u00e9es). Semi-covering ou Total covering. Solutions magn\u00e9tiques amovibles. COMMANDER Graphic Design Votre logo et votre charte graphique sont le visage de votre entreprise. Nos designers cr\u00e9ent des visuels qui marquent les esprits et respectent votre ADN. Cr\u00e9ation de logos et identit\u00e9 visuelle. Mise en page de catalogues et brochures. Design publicitaire pour r\u00e9seaux sociaux et print. COMMANDER Impression sur tous supports \u00a0 Chez Printspadix, nous ne nous contentons pas du papier. Nous repoussons les fronti\u00e8res de l\u2019impression pour donner vie \u00e0 vos projets sur les mati\u00e8res les plus vari\u00e9es. Gr\u00e2ce \u00e0 nos technologies de pointe (UV, sublimation, jet d\u2019encre haute d\u00e9finition), nous marquons durablement tous les supports, qu\u2019ils soient souples ou rigides. COMMANDER HappyPlace Seaside Adventures Your suppliers take care of the rest. Quality Assured. Far quitting dwelling graceful the likewise received building. Modern Lifestyle Home Accessories Agreement gentleman rapturous am eagerness it as resolving household. Direct wicket little of talked lasted formed or it. Baby Boy How to Make Happy Your Baby Boy With Best Products<\/p>\n","protected":false},"author":1,"featured_media":0,"parent":0,"menu_order":0,"comment_status":"closed","ping_status":"closed","template":"","meta":{"footnotes":""},"class_list":["post-1388","page","type-page","status-publish","hentry"],"_links":{"self":[{"href":"https:\/\/printspadix.com\/index.php\/wp-json\/wp\/v2\/pages\/1388","targetHints":{"allow":["GET"]}}],"collection":[{"href":"https:\/\/printspadix.com\/index.php\/wp-json\/wp\/v2\/pages"}],"about":[{"href":"https:\/\/printspadix.com\/index.php\/wp-json\/wp\/v2\/types\/page"}],"author":[{"embeddable":true,"href":"https:\/\/printspadix.com\/index.php\/wp-json\/wp\/v2\/users\/1"}],"replies":[{"embeddable":true,"href":"https:\/\/printspadix.com\/index.php\/wp-json\/wp\/v2\/comments?post=1388"}],"version-history":[{"count":10,"href":"https:\/\/printspadix.com\/index.php\/wp-json\/wp\/v2\/pages\/1388\/revisions"}],"predecessor-version":[{"id":1714,"href":"https:\/\/printspadix.com\/index.php\/wp-json\/wp\/v2\/pages\/1388\/revisions\/1714"}],"wp:attachment":[{"href":"https:\/\/printspadix.com\/index.php\/wp-json\/wp\/v2\/media?parent=1388"}],"curies":[{"name":"wp","href":"https:\/\/api.w.org\/{rel}","templated":true}]}}